{"id":17742,"date":"2022-05-02T23:04:28","date_gmt":"2022-05-02T21:04:28","guid":{"rendered":"https:\/\/rmx-graphics.com\/pl\/produkt\/odtluszczacz-do-plastikow\/"},"modified":"2026-02-09T22:47:20","modified_gmt":"2026-02-09T21:47:20","slug":"odtluszczacz-do-plastikow","status":"publish","type":"product","link":"https:\/\/rmx-graphics.com\/pl\/produkt\/odtluszczacz-do-plastikow\/","title":{"rendered":"Odt\u0142uszczacz do plastik\u00f3w"},"content":{"rendered":"<p style=\"text-align: left\"><strong>Produkt<\/strong><br \/>\nOdt\u0142uszczacz do plastik\u00f3w 500 ml<br \/>\n&#8211; Preparat do odt\u0142uszczania powierzchni plastikowych<br \/>\n&#8211; Efektywnie czy\u015bci i odt\u0142uszcza elementy z wszelkich zabrudze\u0144<br \/>\n&#8211; Usuwa brud, olej, smar<br \/>\n&#8211; Szybko odparowuje<\/p>\n","protected":false},"excerpt":{"rendered":"<p>Produkt Odt\u0142uszczacz do plastik\u00f3w 500 ml &#8211; Preparat do odt\u0142uszczania powierzchni plastikowych &#8211; Efektywnie czy\u015bci i odt\u0142uszcza elementy z wszelkich zabrudze\u0144 &#8211; Usuwa brud, olej, smar<span class=\"excerpt-hellip\"> [\u2026]<\/span><\/p>\n","protected":false},"featured_media":17743,"template":"","meta":[],"product_brand":[],"product_cat":[186,188],"product_tag":[],"class_list":{"0":"post-17742","1":"product","2":"type-product","3":"status-publish","4":"has-post-thumbnail","6":"product_cat-dodatki-2","7":"product_cat-narzedzia-do-aplikacji","8":"product_shipping_class-koperta","9":"tm-no-options","11":"first","12":"instock","13":"taxable","14":"shipping-taxable","15":"purchasable","16":"product-type-simple"},"_links":{"self":[{"href":"https:\/\/rmx-graphics.com\/pl\/wp-json\/wp\/v2\/product\/17742","targetHints":{"allow":["GET"]}}],"collection":[{"href":"https:\/\/rmx-graphics.com\/pl\/wp-json\/wp\/v2\/product"}],"about":[{"href":"https:\/\/rmx-graphics.com\/pl\/wp-json\/wp\/v2\/types\/product"}],"wp:featuredmedia":[{"embeddable":true,"href":"https:\/\/rmx-graphics.com\/pl\/wp-json\/wp\/v2\/media\/17743"}],"wp:attachment":[{"href":"https:\/\/rmx-graphics.com\/pl\/wp-json\/wp\/v2\/media?parent=17742"}],"wp:term":[{"taxonomy":"product_brand","embeddable":true,"href":"https:\/\/rmx-graphics.com\/pl\/wp-json\/wp\/v2\/product_brand?post=17742"},{"taxonomy":"product_cat","embeddable":true,"href":"https:\/\/rmx-graphics.com\/pl\/wp-json\/wp\/v2\/product_cat?post=17742"},{"taxonomy":"product_tag","embeddable":true,"href":"https:\/\/rmx-graphics.com\/pl\/wp-json\/wp\/v2\/product_tag?post=17742"}],"curies":[{"name":"wp","href":"https:\/\/api.w.org\/{rel}","templated":true}]}}