{"id":18031,"date":"2022-07-20T20:56:35","date_gmt":"2022-07-20T18:56:35","guid":{"rendered":"https:\/\/rmx-graphics.com\/pl\/produkt\/naklejki-felgi-9734422\/"},"modified":"2026-02-09T22:45:36","modified_gmt":"2026-02-09T21:45:36","slug":"naklejki-felgi-9734422","status":"publish","type":"product","link":"https:\/\/rmx-graphics.com\/pl\/produkt\/naklejki-felgi-9734422\/","title":{"rendered":"Naklejki felgi &#8211; #9734422"},"content":{"rendered":"<p><strong>Produkt<\/strong><br \/>\nZestaw sk\u0142ada si\u0119 z element\u00f3w na przedni\u0105 i tylni\u0105 felg\u0119<\/p>\n<p><strong>Materia\u0142<br \/>\n<\/strong>Okleiny drukujemy na folii o grubo\u015bci 600 mic (0,6mm), folia posiada specjalny, bardzo mocny klej do trudno przyczepnych powierzchni jak np. plastik, metal, etc.<\/p>\n<p><strong>Produkcja<br \/>\n<\/strong>Produkcja w zwyk\u0142ych kolorach do 7 dni roboczych, w specjalnych kolorach do 10\/12 dni roboczych.<\/p>\n","protected":false},"excerpt":{"rendered":"<p>Produkt Zestaw sk\u0142ada si\u0119 z element\u00f3w na przedni\u0105 i tylni\u0105 felg\u0119 Materia\u0142 Okleiny drukujemy na folii o grubo\u015bci 600 mic (0,6mm), folia posiada specjalny, bardzo mocny<span class=\"excerpt-hellip\"> [\u2026]<\/span><\/p>\n","protected":false},"featured_media":18032,"template":"","meta":[],"product_brand":[],"product_cat":[186,244],"product_tag":[],"class_list":{"0":"post-18031","1":"product","2":"type-product","3":"status-publish","4":"has-post-thumbnail","6":"product_cat-dodatki-2","7":"product_cat-naklejki-felgi","8":"product_shipping_class-koperta","9":"tm-has-options","11":"first","12":"instock","13":"taxable","14":"shipping-taxable","15":"purchasable","16":"product-type-simple"},"_links":{"self":[{"href":"https:\/\/rmx-graphics.com\/pl\/wp-json\/wp\/v2\/product\/18031","targetHints":{"allow":["GET"]}}],"collection":[{"href":"https:\/\/rmx-graphics.com\/pl\/wp-json\/wp\/v2\/product"}],"about":[{"href":"https:\/\/rmx-graphics.com\/pl\/wp-json\/wp\/v2\/types\/product"}],"wp:featuredmedia":[{"embeddable":true,"href":"https:\/\/rmx-graphics.com\/pl\/wp-json\/wp\/v2\/media\/18032"}],"wp:attachment":[{"href":"https:\/\/rmx-graphics.com\/pl\/wp-json\/wp\/v2\/media?parent=18031"}],"wp:term":[{"taxonomy":"product_brand","embeddable":true,"href":"https:\/\/rmx-graphics.com\/pl\/wp-json\/wp\/v2\/product_brand?post=18031"},{"taxonomy":"product_cat","embeddable":true,"href":"https:\/\/rmx-graphics.com\/pl\/wp-json\/wp\/v2\/product_cat?post=18031"},{"taxonomy":"product_tag","embeddable":true,"href":"https:\/\/rmx-graphics.com\/pl\/wp-json\/wp\/v2\/product_tag?post=18031"}],"curies":[{"name":"wp","href":"https:\/\/api.w.org\/{rel}","templated":true}]}}