{"id":18674,"date":"2022-10-03T19:10:26","date_gmt":"2022-10-03T17:10:26","guid":{"rendered":"https:\/\/rmx-graphics.com\/pl\/produkt\/naklejki-kyb-na-lagi-4727643\/"},"modified":"2026-04-07T16:55:05","modified_gmt":"2026-04-07T14:55:05","slug":"naklejki-kyb-na-lagi-2466652","status":"publish","type":"product","link":"https:\/\/rmx-graphics.com\/pl\/produkt\/naklejki-kyb-na-lagi-2466652\/","title":{"rendered":"Naklejki KYB na lagi &#8211; #2466652"},"content":{"rendered":"<p><strong>Produkt<\/strong><br \/>\nZestaw sk\u0142ada si\u0119 z element\u00f3w wy\u015bwietlanych na projekcie.<br \/>\nNaklejki na czarnym tle<\/p>\n<p><strong>Materia\u0142<\/strong><br \/>\nOkleiny drukujemy na folii o grubo\u015bci 600 mic (0,6mm), folia posiada specjalny, bardzo mocny klej do trudno przyczepnych powierzchni jak np. plastik, metal, etc.<\/p>\n<p><strong>Produkcja<br \/>\n<\/strong>Naklejki w po\u0142ysku dost\u0119pne od r\u0119ki.<br \/>\nW macie produkcja do 7 dni roboczych.<\/p>\n","protected":false},"excerpt":{"rendered":"<p>Produkt Zestaw sk\u0142ada si\u0119 z element\u00f3w wy\u015bwietlanych na projekcie. Naklejki na czarnym tle Materia\u0142 Okleiny drukujemy na folii o grubo\u015bci 600 mic (0,6mm), folia posiada specjalny,<span class=\"excerpt-hellip\"> [\u2026]<\/span><\/p>\n","protected":false},"featured_media":19543,"template":"","meta":[],"product_brand":[],"product_cat":[186,237],"product_tag":[],"class_list":{"0":"post-18674","1":"product","2":"type-product","3":"status-publish","4":"has-post-thumbnail","6":"product_cat-dodatki-2","7":"product_cat-zawieszenia","8":"product_shipping_class-koperta","9":"tm-no-options","11":"first","12":"instock","13":"taxable","14":"shipping-taxable","15":"purchasable","16":"product-type-variable","17":"has-default-attributes"},"_links":{"self":[{"href":"https:\/\/rmx-graphics.com\/pl\/wp-json\/wp\/v2\/product\/18674","targetHints":{"allow":["GET"]}}],"collection":[{"href":"https:\/\/rmx-graphics.com\/pl\/wp-json\/wp\/v2\/product"}],"about":[{"href":"https:\/\/rmx-graphics.com\/pl\/wp-json\/wp\/v2\/types\/product"}],"wp:featuredmedia":[{"embeddable":true,"href":"https:\/\/rmx-graphics.com\/pl\/wp-json\/wp\/v2\/media\/19543"}],"wp:attachment":[{"href":"https:\/\/rmx-graphics.com\/pl\/wp-json\/wp\/v2\/media?parent=18674"}],"wp:term":[{"taxonomy":"product_brand","embeddable":true,"href":"https:\/\/rmx-graphics.com\/pl\/wp-json\/wp\/v2\/product_brand?post=18674"},{"taxonomy":"product_cat","embeddable":true,"href":"https:\/\/rmx-graphics.com\/pl\/wp-json\/wp\/v2\/product_cat?post=18674"},{"taxonomy":"product_tag","embeddable":true,"href":"https:\/\/rmx-graphics.com\/pl\/wp-json\/wp\/v2\/product_tag?post=18674"}],"curies":[{"name":"wp","href":"https:\/\/api.w.org\/{rel}","templated":true}]}}