{"id":19778,"date":"2024-10-06T20:41:15","date_gmt":"2024-10-06T18:41:15","guid":{"rendered":"https:\/\/rmx-graphics.com\/pl\/?post_type=product&#038;p=19778"},"modified":"2026-02-09T22:41:09","modified_gmt":"2026-02-09T21:41:09","slug":"projekt-indywidualny-honda-x-adv-750-2017-2020","status":"publish","type":"product","link":"https:\/\/rmx-graphics.com\/pl\/produkt\/projekt-indywidualny-honda-x-adv-750-2017-2020\/","title":{"rendered":"Projekt Indywidualny Honda X-ADV 750 2017-2020"},"content":{"rendered":"<p><strong>Produkt<\/strong><br \/>\nProjekt indywidualny przygotowany wed\u0142ug podes\u0142anych informacji klienta. Nale\u017cy do\u0142\u0105czy\u0107 zdj\u0119cia przyk\u0142adowych grafik oraz szczeg\u00f3\u0142owy opis \u2013 kolory, umiejscowienie log\u00f3w\/napis\u00f3w oraz innych \u017cycze\u0144. Zestaw sk\u0142ada si\u0119 z element\u00f3w wy\u015bwietlanych na projekcie.<\/p>\n<p><strong>Materia\u0142<\/strong><br \/>\nOkleiny drukujemy na folii o grubo\u015bci 600 mic (0,6mm), folia posiada specjalny, bardzo mocny klej do trudno przyczepnych powierzchni jak np. plastik, metal, etc.<\/p>\n<p><strong>Loga<\/strong><br \/>\nPosiadamy wi\u0119kszo\u015b\u0107 logotyp\u00f3w zwi\u0105zanych motocrossem, je\u015bli chcesz zastosowa\u0107 loga swoich sponsor\u00f3w prze\u015blij je mailem na adres otrzymany w potwierdzeniu zam\u00f3wienia.<\/p>\n<p>Uwaga: loga powinny by\u0107 w formacie wektorowym (Ai, EPS, PDF, CDR), je\u015bli JPG lub PNG to najlepiej by mia\u0142y minimum 1000 pixeli podstawy. Mniejsza rozdzielczo\u015b\u0107 mo\u017ce spowodowa\u0107 utrat\u0119 czytelno\u015bci loga. Ewentualnie mo\u017cemy zast\u0105pi\u0107 ma\u0142e loga tekstem.<\/p>\n<p><strong>Model<\/strong><br \/>\nWi\u0119kszo\u015b\u0107 producent\u00f3w wprowadza do sprzeda\u017cy nowe modele ju\u017c rok wcze\u015bniej np. rocznik modelowy 2019 trafia do sprzeda\u017cy w roku 2018. Przy zmianie modelu producenci cz\u0119sto zmieniaj\u0105 kszta\u0142ty plastik\u00f3w dlatego nale\u017cy zwr\u00f3ci\u0107 uwag\u0119 nie na rok produkcji lecz na rocznik modelowy. Prosimy r\u00f3wnie\u017c o informowanie o wprowadzonych samodzielnie zmianach pojedynczych element\u00f3w plastikowych pochodz\u0105cych z innego rocznika modelowego. W przypadku braku pewno\u015bci co do rocznika modelowego lub zaistnia\u0142ych zmian prosimy o przys\u0142anie zdj\u0119\u0107 w celu doboru w\u0142a\u015bciwych wykrojnik\u00f3w i wyeliminowania ewentualnych pomy\u0142ek.<\/p>\n<p><strong>Produkcja<br \/>\n<\/strong>Po zaksi\u0119gowaniu p\u0142atno\u015bci na naszym koncie przyst\u0105pimy do przygotowania projektu, kt\u00f3ry wy\u015blemy do Ciebie mailem, przygotowanie zajmie oko\u0142o 7-10 dni roboczych (w zale\u017cno\u015bci od ilo\u015bci zam\u00f3wie\u0144 mo\u017ce si\u0119 wyd\u0142u\u017cy\u0107). Po otrzymaniu akceptacji projektu nast\u0105pi produkcja i wysy\u0142ka oklein. Do ka\u017cdego zam\u00f3wionego zestawu, przys\u0142uguj\u0105 dwie korekty projektu po otrzymaniu wst\u0119pnego projektu.<\/p>\n<p>Produkcja w zwyk\u0142ych kolorach do 7 dni roboczych, w specjalnych kolorach do 10\/12 dni roboczych.<\/p>\n","protected":false},"excerpt":{"rendered":"<p>Produkt Projekt indywidualny przygotowany wed\u0142ug podes\u0142anych informacji klienta. Nale\u017cy do\u0142\u0105czy\u0107 zdj\u0119cia przyk\u0142adowych grafik oraz szczeg\u00f3\u0142owy opis \u2013 kolory, umiejscowienie log\u00f3w\/napis\u00f3w oraz innych \u017cycze\u0144. Zestaw sk\u0142ada si\u0119<span class=\"excerpt-hellip\"> [\u2026]<\/span><\/p>\n","protected":false},"featured_media":19779,"template":"","meta":[],"product_brand":[],"product_cat":[904,215,137,905],"product_tag":[],"class_list":{"0":"post-19778","1":"product","2":"type-product","3":"status-publish","4":"has-post-thumbnail","6":"product_cat-honda-motocykle-szosowe","7":"product_cat-motocykle-szosowe","8":"product_cat-projekty-indywidualne","9":"product_cat-x-adv-750-2017-2020","10":"product_shipping_class-koperta-a2","11":"tm-has-options","13":"first","14":"instock","15":"taxable","16":"shipping-taxable","17":"purchasable","18":"product-type-simple"},"_links":{"self":[{"href":"https:\/\/rmx-graphics.com\/pl\/wp-json\/wp\/v2\/product\/19778","targetHints":{"allow":["GET"]}}],"collection":[{"href":"https:\/\/rmx-graphics.com\/pl\/wp-json\/wp\/v2\/product"}],"about":[{"href":"https:\/\/rmx-graphics.com\/pl\/wp-json\/wp\/v2\/types\/product"}],"wp:featuredmedia":[{"embeddable":true,"href":"https:\/\/rmx-graphics.com\/pl\/wp-json\/wp\/v2\/media\/19779"}],"wp:attachment":[{"href":"https:\/\/rmx-graphics.com\/pl\/wp-json\/wp\/v2\/media?parent=19778"}],"wp:term":[{"taxonomy":"product_brand","embeddable":true,"href":"https:\/\/rmx-graphics.com\/pl\/wp-json\/wp\/v2\/product_brand?post=19778"},{"taxonomy":"product_cat","embeddable":true,"href":"https:\/\/rmx-graphics.com\/pl\/wp-json\/wp\/v2\/product_cat?post=19778"},{"taxonomy":"product_tag","embeddable":true,"href":"https:\/\/rmx-graphics.com\/pl\/wp-json\/wp\/v2\/product_tag?post=19778"}],"curies":[{"name":"wp","href":"https:\/\/api.w.org\/{rel}","templated":true}]}}