{"id":19827,"date":"2024-10-07T22:39:45","date_gmt":"2024-10-07T20:39:45","guid":{"rendered":"https:\/\/rmx-graphics.com\/pl\/?post_type=product&#038;p=19827"},"modified":"2026-02-09T22:41:02","modified_gmt":"2026-02-09T21:41:02","slug":"voucher-500-pln","status":"publish","type":"product","link":"https:\/\/rmx-graphics.com\/pl\/produkt\/voucher-500-pln\/","title":{"rendered":"Voucher 500 PLN"},"content":{"rendered":"<p><strong>Voucher<\/strong><br \/>\nPo otrzymaniu p\u0142atno\u015bci voucher wysy\u0142amy w formacie pdf na podany adres email.<br \/>\nNa voucherze podany jest kod rabatowy, kt\u00f3ry nale\u017cy wpisa\u0107 w koszyku podczas sk\u0142adania zam\u00f3wienia.<\/p>\n","protected":false},"excerpt":{"rendered":"<p>Voucher Po otrzymaniu p\u0142atno\u015bci voucher wysy\u0142amy w formacie pdf na podany adres email. Na voucherze podany jest kod rabatowy, kt\u00f3ry nale\u017cy wpisa\u0107 w koszyku podczas sk\u0142adania<span class=\"excerpt-hellip\"> [\u2026]<\/span><\/p>\n","protected":false},"featured_media":19819,"template":"","meta":[],"product_brand":[],"product_cat":[186,187],"product_tag":[],"class_list":{"0":"post-19827","1":"product","2":"type-product","3":"status-publish","4":"has-post-thumbnail","6":"product_cat-dodatki-2","7":"product_cat-vouchery","8":"product_shipping_class-pudelko","9":"tm-no-options","11":"first","12":"instock","13":"virtual","14":"taxable","15":"purchasable","16":"product-type-simple"},"_links":{"self":[{"href":"https:\/\/rmx-graphics.com\/pl\/wp-json\/wp\/v2\/product\/19827","targetHints":{"allow":["GET"]}}],"collection":[{"href":"https:\/\/rmx-graphics.com\/pl\/wp-json\/wp\/v2\/product"}],"about":[{"href":"https:\/\/rmx-graphics.com\/pl\/wp-json\/wp\/v2\/types\/product"}],"wp:featuredmedia":[{"embeddable":true,"href":"https:\/\/rmx-graphics.com\/pl\/wp-json\/wp\/v2\/media\/19819"}],"wp:attachment":[{"href":"https:\/\/rmx-graphics.com\/pl\/wp-json\/wp\/v2\/media?parent=19827"}],"wp:term":[{"taxonomy":"product_brand","embeddable":true,"href":"https:\/\/rmx-graphics.com\/pl\/wp-json\/wp\/v2\/product_brand?post=19827"},{"taxonomy":"product_cat","embeddable":true,"href":"https:\/\/rmx-graphics.com\/pl\/wp-json\/wp\/v2\/product_cat?post=19827"},{"taxonomy":"product_tag","embeddable":true,"href":"https:\/\/rmx-graphics.com\/pl\/wp-json\/wp\/v2\/product_tag?post=19827"}],"curies":[{"name":"wp","href":"https:\/\/api.w.org\/{rel}","templated":true}]}}